{"id":6,"date":"2022-04-15T00:18:31","date_gmt":"2022-04-15T00:18:31","guid":{"rendered":"https:\/\/mercator-ec.com\/?page_id=6"},"modified":"2022-10-27T18:43:04","modified_gmt":"2022-10-27T18:43:04","slug":"acerca-de","status":"publish","type":"page","link":"https:\/\/mercator-ec.com\/index.php\/acerca-de\/","title":{"rendered":"Acerca de"},"content":{"rendered":"\t\t<div data-elementor-type=\"wp-page\" data-elementor-id=\"6\" class=\"elementor elementor-6\">\n\t\t\t\t\t\t<section class=\"elementor-section elementor-top-section elementor-element elementor-element-1017e73f elementor-section-boxed elementor-section-height-default elementor-section-height-default\" data-id=\"1017e73f\" data-element_type=\"section\">\n\t\t\t\t\t\t<div class=\"elementor-container elementor-column-gap-default\">\n\t\t\t\t\t<div class=\"elementor-column elementor-col-100 elementor-top-column elementor-element elementor-element-7004a7b0\" data-id=\"7004a7b0\" data-element_type=\"column\">\n\t\t\t<div class=\"elementor-widget-wrap elementor-element-populated\">\n\t\t\t\t\t\t<div class=\"elementor-element elementor-element-911bb31 elementor-widget elementor-widget-image\" data-id=\"911bb31\" data-element_type=\"widget\" data-widget_type=\"image.default\">\n\t\t\t\t<div class=\"elementor-widget-container\">\n\t\t\t<style>\/*! elementor - v3.21.0 - 26-05-2024 *\/\n.elementor-widget-image{text-align:center}.elementor-widget-image a{display:inline-block}.elementor-widget-image a img[src$=\".svg\"]{width:48px}.elementor-widget-image img{vertical-align:middle;display:inline-block}<\/style>\t\t\t\t\t\t\t\t\t\t<img decoding=\"async\" width=\"143\" height=\"150\" src=\"https:\/\/mercator-ec.com\/wp-content\/uploads\/2022\/04\/cropped-Recurso-1.png\" class=\"attachment-large size-large wp-image-64\" alt=\"\" \/>\t\t\t\t\t\t\t\t\t\t\t\t\t<\/div>\n\t\t\t\t<\/div>\n\t\t\t\t<div class=\"elementor-element elementor-element-1b29583b elementor-widget elementor-widget-text-editor\" data-id=\"1b29583b\" data-element_type=\"widget\" data-widget_type=\"text-editor.default\">\n\t\t\t\t<div class=\"elementor-widget-container\">\n\t\t\t<style>\/*! elementor - v3.21.0 - 26-05-2024 *\/\n.elementor-widget-text-editor.elementor-drop-cap-view-stacked .elementor-drop-cap{background-color:#69727d;color:#fff}.elementor-widget-text-editor.elementor-drop-cap-view-framed .elementor-drop-cap{color:#69727d;border:3px solid;background-color:transparent}.elementor-widget-text-editor:not(.elementor-drop-cap-view-default) .elementor-drop-cap{margin-top:8px}.elementor-widget-text-editor:not(.elementor-drop-cap-view-default) .elementor-drop-cap-letter{width:1em;height:1em}.elementor-widget-text-editor .elementor-drop-cap{float:left;text-align:center;line-height:1;font-size:50px}.elementor-widget-text-editor .elementor-drop-cap-letter{display:inline-block}<\/style>\t\t\t\t<p><!-- wp:paragraph --><\/p>\n<p>El equipo experimentado del Departamento de Administraci\u00f3n de Servicio a los barcos de\u00a0 MERCATOR SHIP SUPPLY, tiene un \u00e9xito reflejado en varios certificados de las compa\u00f1\u00edas como: V-Ships, Inchcape Shipping Service, varios cruceros y fragatas (USA, Francia, Brasil), siempre preocup\u00e1ndonos por el bienestar de nuestros clientes satisfaciendo sus necesidades y acopl\u00e1ndonos en el corto tiempo de su estad\u00eda.<br \/><br \/>\u2022 Mercator Ship Supply\u00a0 S.A. Mership es establecida en Octubre del 2006 con el prop\u00f3sito de ofrecer productos y servicios, en estrecha cooperaci\u00f3n con nuestros proveedores para satisfacer y exceder las expectativas de los clientes.<br \/><br \/>\u2022 Nos especializamos\u00a0 en la\u00a0 atenci\u00f3n de\u00a0 Buques\u00a0 de guerra, habiendo cumplido\u00a0 con \u00e9xito\u00a0 durante\u00a0 los\u00a0 a\u00f1os\u00a0 2006 al 2008, supliendo\u00a0 los requerimientos de las fragatas de la\u00a0 marina norteamericana.<br \/><br \/>\u2022 Atendemos barcos\u00a0 de pasajeros\u00a0 cumpliendo\u00a0 con los\u00a0 est\u00e1ndares de calidad, controles sanitarios, manteniendo la cadena de fr\u00edo previo al embarque de los mismos.<br \/><br \/>\u2022 Nuestro departamento t\u00e9cnico esta siempre disponible para cualquier consulta a nivel de ingenier\u00eda o requerimiento de materiales sugeridas por la nave. Siempre ofrecemos la m\u00e1s econ\u00f3mica opci\u00f3n con alto grado de profesionalismo en gestiones de reparaciones que requiera la embarcaci\u00f3n.<br \/><br \/>\u2022 Actualmente proveemos a m\u00e1s de 220 buques anualmente a lo largo de las costas de Panam\u00e1, Ecuador y Per\u00fa, especializ\u00e1ndonos en servicios para cruceros, fragatas y naves del ej\u00e9rcito.<br \/><br \/>\u2022 Esperamos que en un futuro muy cercano tendremos la oportunidad de demostrarle nuestro trabajo ejemplar y satisfacer sus m\u00e1s dif\u00edciles requerimientos.<br \/><br \/><\/p>\n<p><!-- \/wp:paragraph --><\/p>\t\t\t\t\t\t<\/div>\n\t\t\t\t<\/div>\n\t\t\t\t\t<\/div>\n\t\t<\/div>\n\t\t\t\t\t<\/div>\n\t\t<\/section>\n\t\t\t\t<section class=\"elementor-section elementor-top-section elementor-element elementor-element-f6f43f8 elementor-section-boxed elementor-section-height-default elementor-section-height-default\" data-id=\"f6f43f8\" data-element_type=\"section\">\n\t\t\t\t\t\t<div class=\"elementor-container elementor-column-gap-default\">\n\t\t\t\t\t<div class=\"elementor-column elementor-col-100 elementor-top-column elementor-element elementor-element-3e4f994\" data-id=\"3e4f994\" data-element_type=\"column\">\n\t\t\t<div class=\"elementor-widget-wrap elementor-element-populated\">\n\t\t\t\t\t\t<div class=\"elementor-element elementor-element-717d06a elementor-widget elementor-widget-text-editor\" data-id=\"717d06a\" data-element_type=\"widget\" data-widget_type=\"text-editor.default\">\n\t\t\t\t<div class=\"elementor-widget-container\">\n\t\t\t\t\t\t\t<p>NUESTROS PROVEEDORES:<br \/><br \/>\u2022 Nosotros tenemos amplia variedad de proveedores, los cuales han sido escogidos cuidadosamente seg\u00fan la calidad de sus productos como frutos frescos y vegetales, toda clase de carnes, embutidos importados, productos l\u00e1cteos, frutas Chilenas y Americanas, provisiones secas.<br \/><br \/>\u2022 El profesionalismo de su servicio tambi\u00e9n nos asegura que ellos cubran las expectativas de nuestros clientes en sus demandas.<br \/><br \/>\u2022 Cada d\u00eda nos esforzamos para alcanzar la excelencia para que nuestros clientes est\u00e9n satisfechos y sigan encomend\u00e1ndonos sus requerimientos, manteniendo su confianza en nuestra compan\u00eda.<br \/><br \/><\/p>\t\t\t\t\t\t<\/div>\n\t\t\t\t<\/div>\n\t\t\t\t\t<\/div>\n\t\t<\/div>\n\t\t\t\t\t<\/div>\n\t\t<\/section>\n\t\t\t\t<\/div>\n\t\t","protected":false},"excerpt":{"rendered":"<p>El equipo experimentado del Departamento de Administraci\u00f3n de Servicio a los barcos de\u00a0 MERCATOR SHIP SUPPLY, tiene un \u00e9xito reflejado en varios certificados de las compa\u00f1\u00edas como: V-Ships, Inchcape Shipping Service, varios cruceros y fragatas (USA, Francia, Brasil), siempre preocup\u00e1ndonos por el bienestar de nuestros clientes satisfaciendo sus necesidades y acopl\u00e1ndonos en el corto tiempo [&hellip;]<\/p>\n","protected":false},"author":1,"featured_media":0,"parent":0,"menu_order":0,"comment_status":"closed","ping_status":"closed","template":"","meta":{"sfsi_plus_gutenberg_text_before_share":"","sfsi_plus_gutenberg_show_text_before_share":"","sfsi_plus_gutenberg_icon_type":"","sfsi_plus_gutenberg_icon_alignemt":"","sfsi_plus_gutenburg_max_per_row":"","footnotes":""},"class_list":["post-6","page","type-page","status-publish","hentry"],"_links":{"self":[{"href":"https:\/\/mercator-ec.com\/index.php\/wp-json\/wp\/v2\/pages\/6","targetHints":{"allow":["GET"]}}],"collection":[{"href":"https:\/\/mercator-ec.com\/index.php\/wp-json\/wp\/v2\/pages"}],"about":[{"href":"https:\/\/mercator-ec.com\/index.php\/wp-json\/wp\/v2\/types\/page"}],"author":[{"embeddable":true,"href":"https:\/\/mercator-ec.com\/index.php\/wp-json\/wp\/v2\/users\/1"}],"replies":[{"embeddable":true,"href":"https:\/\/mercator-ec.com\/index.php\/wp-json\/wp\/v2\/comments?post=6"}],"version-history":[{"count":29,"href":"https:\/\/mercator-ec.com\/index.php\/wp-json\/wp\/v2\/pages\/6\/revisions"}],"predecessor-version":[{"id":262,"href":"https:\/\/mercator-ec.com\/index.php\/wp-json\/wp\/v2\/pages\/6\/revisions\/262"}],"wp:attachment":[{"href":"https:\/\/mercator-ec.com\/index.php\/wp-json\/wp\/v2\/media?parent=6"}],"curies":[{"name":"wp","href":"https:\/\/api.w.org\/{rel}","templated":true}]}}